{"id":2009,"date":"2024-01-15T11:16:40","date_gmt":"2024-01-15T14:16:40","guid":{"rendered":"https:\/\/elizabethrevestimentos.com.br\/politica-de-privacidade\/"},"modified":"2024-07-22T00:39:50","modified_gmt":"2024-07-22T03:39:50","slug":"politica-de-privacidad","status":"publish","type":"page","link":"https:\/\/elizabethrevestimentos.com.br\/es\/politica-de-privacidad\/","title":{"rendered":"Pol\u00edtica de privacidad"},"content":{"rendered":"\r\n<p>O respeito \u00e0 privacidade de clientes, colaboradores e parceiros faz parte dos esfor\u00e7os de constru\u00e7\u00e3o de uma cultura de integridade e retid\u00e3o na Mohawk Brasil. Seguindo os princ\u00edpios de conduta \u00e9tica, de transpar\u00eancia e de disciplina, trabalhamos para assegurar um uso adequado e limitado de informa\u00e7\u00f5es pessoais, afirmando estrategicamente a import\u00e2ncia prote\u00e7\u00e3o de dados pessoais no melhor interesse de todos.<\/p>\r\n<p>Por meio desse Aviso de Privacidade queremos comunicar nosso comprometimento com sua privacidade e esclarecer como tratamos dados pessoais. Adotamos uma abordagem geral e sint\u00e9tica para sermos objetivos. Nem todos os detalhes sobre o tratamento podem ser declarados.<\/p>\r\n<p>Se precisar de alguma informa\u00e7\u00e3o adicional, ou quiser saber mais, contate nosso time de privacidade e nosso Chefe de Privacidade:\u00a0<a href=\"mailto:privacidade@mohawkbr.com\" target=\"_blank\" rel=\"noopener noreferrer\">privacidade@mohawkbr.com.<\/a><\/p>\r\n","protected":false},"excerpt":{"rendered":"<p>O respeito \u00e0 privacidade de clientes, colaboradores e parceiros faz parte dos esfor\u00e7os de constru\u00e7\u00e3o de uma cultura de integridade e retid\u00e3o na Mohawk Brasil. Seguindo os princ\u00edpios de conduta \u00e9tica, de transpar\u00eancia e de disciplina, trabalhamos para assegurar um uso adequado e limitado de informa\u00e7\u00f5es pessoais, afirmando estrategicamente a import\u00e2ncia prote\u00e7\u00e3o de dados pessoais [&hellip;]<\/p>\n","protected":false},"author":1,"featured_media":0,"parent":0,"menu_order":0,"comment_status":"closed","ping_status":"closed","template":"page-politica-de-privacidade.php","meta":{"_acf_changed":false,"inline_featured_image":false,"footnotes":""},"class_list":["post-2009","page","type-page","status-publish","hentry"],"acf":[],"yoast_head":"<!-- This site is optimized with the Yoast SEO plugin v27.4 - https:\/\/yoast.com\/product\/yoast-seo-wordpress\/ -->\n<title>Pol\u00edtica de privacidad - Elizabeth<\/title>\n<meta name=\"robots\" content=\"index, follow, max-snippet:-1, max-image-preview:large, max-video-preview:-1\" \/>\n<link rel=\"canonical\" href=\"https:\/\/elizabethrevestimentos.com.br\/politica-de-privacidade\/\" \/>\n<meta property=\"og:locale\" content=\"es_ES\" \/>\n<meta property=\"og:type\" content=\"article\" \/>\n<meta property=\"og:title\" content=\"Pol\u00edtica de privacidad - Elizabeth\" \/>\n<meta property=\"og:description\" content=\"O respeito \u00e0 privacidade de clientes, colaboradores e parceiros faz parte dos esfor\u00e7os de constru\u00e7\u00e3o de uma cultura de integridade e retid\u00e3o na Mohawk Brasil. Seguindo os princ\u00edpios de conduta \u00e9tica, de transpar\u00eancia e de disciplina, trabalhamos para assegurar um uso adequado e limitado de informa\u00e7\u00f5es pessoais, afirmando estrategicamente a import\u00e2ncia prote\u00e7\u00e3o de dados pessoais [&hellip;]\" \/>\n<meta property=\"og:url\" content=\"https:\/\/elizabethrevestimentos.com.br\/politica-de-privacidade\/\" \/>\n<meta property=\"og:site_name\" content=\"Elizabeth\" \/>\n<meta property=\"article:modified_time\" content=\"2024-07-22T03:39:50+00:00\" \/>\n<meta name=\"twitter:card\" content=\"summary_large_image\" \/>\n<meta name=\"twitter:label1\" content=\"Tiempo de lectura\" \/>\n\t<meta name=\"twitter:data1\" content=\"1 minuto\" \/>\n<script type=\"application\/ld+json\" class=\"yoast-schema-graph\">{\"@context\":\"https:\\\/\\\/schema.org\",\"@graph\":[{\"@type\":\"WebPage\",\"@id\":\"https:\\\/\\\/elizabethrevestimentos.com.br\\\/politica-de-privacidade\\\/\",\"url\":\"https:\\\/\\\/elizabethrevestimentos.com.br\\\/politica-de-privacidade\\\/\",\"name\":\"Pol\u00edtica de privacidad - Elizabeth\",\"isPartOf\":{\"@id\":\"https:\\\/\\\/elizabethrevestimentos.com.br\\\/#website\"},\"datePublished\":\"2024-01-15T14:16:40+00:00\",\"dateModified\":\"2024-07-22T03:39:50+00:00\",\"breadcrumb\":{\"@id\":\"https:\\\/\\\/elizabethrevestimentos.com.br\\\/politica-de-privacidade\\\/#breadcrumb\"},\"inLanguage\":\"es\",\"potentialAction\":[{\"@type\":\"ReadAction\",\"target\":[\"https:\\\/\\\/elizabethrevestimentos.com.br\\\/politica-de-privacidade\\\/\"]}]},{\"@type\":\"BreadcrumbList\",\"@id\":\"https:\\\/\\\/elizabethrevestimentos.com.br\\\/politica-de-privacidade\\\/#breadcrumb\",\"itemListElement\":[{\"@type\":\"ListItem\",\"position\":1,\"name\":\"In\u00edcio\",\"item\":\"https:\\\/\\\/elizabethrevestimentos.com.br\\\/es\\\/\"},{\"@type\":\"ListItem\",\"position\":2,\"name\":\"Pol\u00edtica de privacidad\"}]},{\"@type\":\"WebSite\",\"@id\":\"https:\\\/\\\/elizabethrevestimentos.com.br\\\/#website\",\"url\":\"https:\\\/\\\/elizabethrevestimentos.com.br\\\/\",\"name\":\"Elizabeth\",\"description\":\"\",\"potentialAction\":[{\"@type\":\"SearchAction\",\"target\":{\"@type\":\"EntryPoint\",\"urlTemplate\":\"https:\\\/\\\/elizabethrevestimentos.com.br\\\/?s={search_term_string}\"},\"query-input\":{\"@type\":\"PropertyValueSpecification\",\"valueRequired\":true,\"valueName\":\"search_term_string\"}}],\"inLanguage\":\"es\"}]}<\/script>\n<!-- \/ Yoast SEO plugin. -->","yoast_head_json":{"title":"Pol\u00edtica de privacidad - Elizabeth","robots":{"index":"index","follow":"follow","max-snippet":"max-snippet:-1","max-image-preview":"max-image-preview:large","max-video-preview":"max-video-preview:-1"},"canonical":"https:\/\/elizabethrevestimentos.com.br\/politica-de-privacidade\/","og_locale":"es_ES","og_type":"article","og_title":"Pol\u00edtica de privacidad - Elizabeth","og_description":"O respeito \u00e0 privacidade de clientes, colaboradores e parceiros faz parte dos esfor\u00e7os de constru\u00e7\u00e3o de uma cultura de integridade e retid\u00e3o na Mohawk Brasil. Seguindo os princ\u00edpios de conduta \u00e9tica, de transpar\u00eancia e de disciplina, trabalhamos para assegurar um uso adequado e limitado de informa\u00e7\u00f5es pessoais, afirmando estrategicamente a import\u00e2ncia prote\u00e7\u00e3o de dados pessoais [&hellip;]","og_url":"https:\/\/elizabethrevestimentos.com.br\/politica-de-privacidade\/","og_site_name":"Elizabeth","article_modified_time":"2024-07-22T03:39:50+00:00","twitter_card":"summary_large_image","twitter_misc":{"Tiempo de lectura":"1 minuto"},"schema":{"@context":"https:\/\/schema.org","@graph":[{"@type":"WebPage","@id":"https:\/\/elizabethrevestimentos.com.br\/politica-de-privacidade\/","url":"https:\/\/elizabethrevestimentos.com.br\/politica-de-privacidade\/","name":"Pol\u00edtica de privacidad - Elizabeth","isPartOf":{"@id":"https:\/\/elizabethrevestimentos.com.br\/#website"},"datePublished":"2024-01-15T14:16:40+00:00","dateModified":"2024-07-22T03:39:50+00:00","breadcrumb":{"@id":"https:\/\/elizabethrevestimentos.com.br\/politica-de-privacidade\/#breadcrumb"},"inLanguage":"es","potentialAction":[{"@type":"ReadAction","target":["https:\/\/elizabethrevestimentos.com.br\/politica-de-privacidade\/"]}]},{"@type":"BreadcrumbList","@id":"https:\/\/elizabethrevestimentos.com.br\/politica-de-privacidade\/#breadcrumb","itemListElement":[{"@type":"ListItem","position":1,"name":"In\u00edcio","item":"https:\/\/elizabethrevestimentos.com.br\/es\/"},{"@type":"ListItem","position":2,"name":"Pol\u00edtica de privacidad"}]},{"@type":"WebSite","@id":"https:\/\/elizabethrevestimentos.com.br\/#website","url":"https:\/\/elizabethrevestimentos.com.br\/","name":"Elizabeth","description":"","potentialAction":[{"@type":"SearchAction","target":{"@type":"EntryPoint","urlTemplate":"https:\/\/elizabethrevestimentos.com.br\/?s={search_term_string}"},"query-input":{"@type":"PropertyValueSpecification","valueRequired":true,"valueName":"search_term_string"}}],"inLanguage":"es"}]}},"_links":{"self":[{"href":"https:\/\/elizabethrevestimentos.com.br\/es\/wp-json\/wp\/v2\/pages\/2009","targetHints":{"allow":["GET"]}}],"collection":[{"href":"https:\/\/elizabethrevestimentos.com.br\/es\/wp-json\/wp\/v2\/pages"}],"about":[{"href":"https:\/\/elizabethrevestimentos.com.br\/es\/wp-json\/wp\/v2\/types\/page"}],"author":[{"embeddable":true,"href":"https:\/\/elizabethrevestimentos.com.br\/es\/wp-json\/wp\/v2\/users\/1"}],"replies":[{"embeddable":true,"href":"https:\/\/elizabethrevestimentos.com.br\/es\/wp-json\/wp\/v2\/comments?post=2009"}],"version-history":[{"count":3,"href":"https:\/\/elizabethrevestimentos.com.br\/es\/wp-json\/wp\/v2\/pages\/2009\/revisions"}],"predecessor-version":[{"id":9608,"href":"https:\/\/elizabethrevestimentos.com.br\/es\/wp-json\/wp\/v2\/pages\/2009\/revisions\/9608"}],"wp:attachment":[{"href":"https:\/\/elizabethrevestimentos.com.br\/es\/wp-json\/wp\/v2\/media?parent=2009"}],"curies":[{"name":"wp","href":"https:\/\/api.w.org\/{rel}","templated":true}]}}